{"id":5300,"date":"2020-01-28T14:12:28","date_gmt":"2020-01-28T13:12:28","guid":{"rendered":"https:\/\/www.monastere-de-segries.com\/?page_id=5300"},"modified":"2020-02-06T12:07:49","modified_gmt":"2020-02-06T11:07:49","slug":"diningcatering","status":"publish","type":"page","link":"https:\/\/monastere-de-segries.com\/en\/diningcatering\/","title":{"rendered":"Dining &#038; catering"},"content":{"rendered":"<p><div class=\"fusion-fullwidth fullwidth-box fusion-builder-row-1 nonhundred-percent-fullwidth non-hundred-percent-height-scrolling\" style=\"--awb-border-radius-top-left:0px;--awb-border-radius-top-right:0px;--awb-border-radius-bottom-right:0px;--awb-border-radius-bottom-left:0px;--awb-flex-wrap:wrap;\" ><div class=\"fusion-builder-row fusion-row\"><div class=\"fusion-layout-column fusion_builder_column fusion-builder-column-0 fusion_builder_column_1_1 1_1 fusion-one-full fusion-column-first fusion-column-last\" style=\"--awb-padding-right:40px;--awb-padding-left:40px;--awb-bg-color:#ffffff;--awb-bg-color-hover:#ffffff;--awb-bg-size:cover;--awb-margin-top:50px;--awb-margin-bottom:30px;\"><div class=\"fusion-column-wrapper fusion-flex-column-wrapper-legacy\"><div class=\"fusion-column-content-centered\"><div class=\"fusion-column-content\"><div class=\"fusion-sep-clear\"><\/div><div class=\"fusion-separator fusion-full-width-sep\" style=\"margin-left: auto;margin-right: auto;margin-top:30px;width:100%;\"><\/div><div class=\"fusion-sep-clear\"><\/div><div class=\"fusion-text fusion-text-1\"><h1 style=\"text-align: center;\">Catering<\/h1>\n<\/div><div class=\"fusion-sep-clear\"><\/div><div class=\"fusion-separator fusion-full-width-sep\" style=\"margin-left: auto;margin-right: auto;margin-top:10px;margin-bottom:20px;width:100%;\"><\/div><div class=\"fusion-sep-clear\"><\/div><div class=\"fusion-image-element fusion-image-align-center in-legacy-container\" style=\"text-align:center;--awb-caption-title-font-family:var(--h2_typography-font-family);--awb-caption-title-font-weight:var(--h2_typography-font-weight);--awb-caption-title-font-style:var(--h2_typography-font-style);--awb-caption-title-size:var(--h2_typography-font-size);--awb-caption-title-transform:var(--h2_typography-text-transform);--awb-caption-title-line-height:var(--h2_typography-line-height);--awb-caption-title-letter-spacing:var(--h2_typography-letter-spacing);\"><div class=\"imageframe-align-center\"><span class=\" fusion-imageframe imageframe-none imageframe-1 hover-type-none\"><img decoding=\"async\" width=\"150\" height=\"18\" title=\"separateur\" src=\"https:\/\/monastere-de-segries.com\/wp-content\/uploads\/2019\/02\/separateur-1.png\" alt class=\"img-responsive wp-image-4527\"\/><\/span><\/div><\/div><\/div><\/div><div class=\"fusion-clearfix\"><\/div><\/div><\/div><\/div><\/div><div class=\"fusion-fullwidth fullwidth-box fusion-builder-row-2 nonhundred-percent-fullwidth non-hundred-percent-height-scrolling fusion-equal-height-columns\" style=\"--awb-border-radius-top-left:0px;--awb-border-radius-top-right:0px;--awb-border-radius-bottom-right:0px;--awb-border-radius-bottom-left:0px;--awb-flex-wrap:wrap;\" ><div class=\"fusion-builder-row fusion-row\"><div class=\"fusion-layout-column fusion_builder_column fusion-builder-column-1 fusion_builder_column_1_2 1_2 fusion-one-half fusion-column-first\" style=\"--awb-bg-size:cover;width:50%;width:calc(50% - ( ( 4% ) * 0.5 ) );margin-right: 4%;\"><div class=\"fusion-column-wrapper fusion-flex-column-wrapper-legacy\"><div class=\"fusion-text fusion-text-2\"><h2 style=\"text-align: left;\"><strong>Dining at the monastery <\/strong><\/h2>\n<\/div><div class=\"fusion-sep-clear\"><\/div><div class=\"fusion-separator fusion-full-width-sep\" style=\"margin-left: auto;margin-right: auto;margin-top:10px;margin-bottom:20px;width:100%;\"><\/div><div class=\"fusion-sep-clear\"><\/div><div class=\"awb-gallery-wrapper awb-gallery-wrapper-1 button-span-no\"><div style=\"margin:-2px;--awb-bordersize:0px;\" class=\"fusion-gallery fusion-gallery-container fusion-grid-2 fusion-columns-total-6 fusion-gallery-layout-masonry fusion-gallery-1\"><div class=\"fusion-grid-column fusion-gallery-column fusion-gallery-column-2 fusion-grid-sizer\"><\/div><div style=\"padding:2.5px;\" class=\"fusion-grid-column fusion-gallery-column fusion-gallery-column-2 fusion-element-grid\"><div class=\"fusion-gallery-image fusion-gallery-image-liftup\"><a href=\"https:\/\/monastere-de-segries.com\/wp-content\/uploads\/2019\/03\/table\u0301e-exte\u0301rieur.jpg\" rel=\"noreferrer\" data-rel=\"iLightbox[gallery_image_1]\" class=\"fusion-lightbox\" target=\"_self\"><div style=\"background-image:url(https:\/\/monastere-de-segries.com\/wp-content\/uploads\/2019\/03\/table\u0301e-exte\u0301rieur.jpg);padding-top:calc((100% + 4px) * 0.8 - 2.5px);background-position:;\" class=\"fusion-masonry-element-container\"><img decoding=\"async\" src=\"https:\/\/monastere-de-segries.com\/wp-content\/uploads\/2019\/03\/table\u0301e-exte\u0301rieur.jpg\" width=\"900\" height=\"674\" alt=\"\" title=\"table\u0301e-exte\u0301rieur\" aria-label=\"table\u0301e-exte\u0301rieur\" class=\"img-responsive wp-image-4618\"  \/><\/div><\/a><\/div><\/div><div style=\"padding:2.5px;\" class=\"fusion-grid-column fusion-gallery-column fusion-gallery-column-2 fusion-element-grid\"><div class=\"fusion-gallery-image fusion-gallery-image-liftup\"><a href=\"https:\/\/monastere-de-segries.com\/wp-content\/uploads\/2019\/03\/plat-roquette-segries.jpg\" rel=\"noreferrer\" data-rel=\"iLightbox[gallery_image_1]\" class=\"fusion-lightbox\" target=\"_self\"><div style=\"background-image:url(https:\/\/monastere-de-segries.com\/wp-content\/uploads\/2019\/03\/plat-roquette-segries.jpg);padding-top:calc((100% + 4px) * 0.8 - 2.5px);background-position:;\" class=\"fusion-masonry-element-container\"><img decoding=\"async\" src=\"https:\/\/monastere-de-segries.com\/wp-content\/uploads\/2019\/03\/plat-roquette-segries.jpg\" width=\"900\" height=\"675\" alt=\"\" title=\"plat-roquette-segries\" aria-label=\"plat-roquette-segries\" class=\"img-responsive wp-image-4615\"  \/><\/div><\/a><\/div><\/div><div style=\"padding:2.5px;\" class=\"fusion-grid-column fusion-gallery-column fusion-gallery-column-2 fusion-element-grid\"><div class=\"fusion-gallery-image fusion-gallery-image-liftup\"><a href=\"https:\/\/monastere-de-segries.com\/wp-content\/uploads\/2019\/03\/plat-concombre-segries.jpg\" rel=\"noreferrer\" data-rel=\"iLightbox[gallery_image_1]\" class=\"fusion-lightbox\" target=\"_self\"><div style=\"background-image:url(https:\/\/monastere-de-segries.com\/wp-content\/uploads\/2019\/03\/plat-concombre-segries.jpg);padding-top:calc((100% + 4px) * 0.8 - 2.5px);background-position:;\" class=\"fusion-masonry-element-container\"><img decoding=\"async\" src=\"https:\/\/monastere-de-segries.com\/wp-content\/uploads\/2019\/03\/plat-concombre-segries.jpg\" width=\"900\" height=\"600\" alt=\"\" title=\"plat-concombre-segries\" aria-label=\"plat-concombre-segries\" class=\"img-responsive wp-image-4612\"  \/><\/div><\/a><\/div><\/div><div style=\"padding:2.5px;\" class=\"fusion-grid-column fusion-gallery-column fusion-gallery-column-2 fusion-element-grid\"><div class=\"fusion-gallery-image fusion-gallery-image-liftup\"><a href=\"https:\/\/monastere-de-segries.com\/wp-content\/uploads\/2019\/03\/table\u0301e-salle-a-manger-segries.jpg\" rel=\"noreferrer\" data-rel=\"iLightbox[gallery_image_1]\" class=\"fusion-lightbox\" target=\"_self\"><div style=\"background-image:url(https:\/\/monastere-de-segries.com\/wp-content\/uploads\/2019\/03\/table\u0301e-salle-a-manger-segries.jpg);padding-top:calc((100% + 4px) * 0.8 - 2.5px);background-position:;\" class=\"fusion-masonry-element-container\"><img decoding=\"async\" src=\"https:\/\/monastere-de-segries.com\/wp-content\/uploads\/2019\/03\/table\u0301e-salle-a-manger-segries.jpg\" width=\"900\" height=\"808\" alt=\"\" title=\"table\u0301e-salle-a-manger-segries\" aria-label=\"table\u0301e-salle-a-manger-segries\" class=\"img-responsive wp-image-4621\"  \/><\/div><\/a><\/div><\/div><div style=\"padding:2.5px;\" class=\"fusion-grid-column fusion-gallery-column fusion-gallery-column-2 fusion-element-grid\"><div class=\"fusion-gallery-image fusion-gallery-image-liftup\"><a href=\"https:\/\/monastere-de-segries.com\/wp-content\/uploads\/2019\/03\/mortier-segries-2.jpg\" rel=\"noreferrer\" data-rel=\"iLightbox[gallery_image_1]\" class=\"fusion-lightbox\" target=\"_self\"><div style=\"background-image:url(https:\/\/monastere-de-segries.com\/wp-content\/uploads\/2019\/03\/mortier-segries-2.jpg);padding-top:calc((100% + 4px) * 0.8 - 2.5px);background-position:;\" class=\"fusion-masonry-element-container\"><img decoding=\"async\" src=\"https:\/\/monastere-de-segries.com\/wp-content\/uploads\/2019\/03\/mortier-segries-2.jpg\" width=\"700\" height=\"722\" alt=\"\" title=\"mortier-segries\" aria-label=\"mortier-segries\" class=\"img-responsive wp-image-4635\"  \/><\/div><\/a><\/div><\/div><div style=\"padding:2.5px;\" class=\"fusion-grid-column fusion-gallery-column fusion-gallery-column-2 fusion-element-grid\"><div class=\"fusion-gallery-image fusion-gallery-image-liftup\"><a href=\"https:\/\/monastere-de-segries.com\/wp-content\/uploads\/2019\/03\/dessert-verveine-segries-1.jpg\" rel=\"noreferrer\" data-rel=\"iLightbox[gallery_image_1]\" class=\"fusion-lightbox\" target=\"_self\"><div style=\"background-image:url(https:\/\/monastere-de-segries.com\/wp-content\/uploads\/2019\/03\/dessert-verveine-segries-1.jpg);padding-top:calc((100% + 4px) * 0.8 - 2.5px);background-position:;\" class=\"fusion-masonry-element-container\"><img decoding=\"async\" src=\"https:\/\/monastere-de-segries.com\/wp-content\/uploads\/2019\/03\/dessert-verveine-segries-1.jpg\" width=\"900\" height=\"881\" alt=\"\" title=\"dessert-verveine-segries\" aria-label=\"dessert-verveine-segries\" class=\"img-responsive wp-image-4632\"  \/><\/div><\/a><\/div><\/div><\/div><\/div><div class=\"fusion-clearfix\"><\/div><\/div><\/div><div class=\"fusion-layout-column fusion_builder_column fusion-builder-column-2 fusion_builder_column_1_2 1_2 fusion-one-half fusion-column-last\" style=\"--awb-bg-size:cover;width:50%;width:calc(50% - ( ( 4% ) * 0.5 ) );\"><div class=\"fusion-column-wrapper fusion-flex-column-wrapper-legacy\"><div class=\"fusion-sep-clear\"><\/div><div class=\"fusion-separator fusion-full-width-sep\" style=\"margin-left: auto;margin-right: auto;margin-top:50px;margin-bottom:50px;width:100%;\"><\/div><div class=\"fusion-sep-clear\"><\/div><div class=\"fusion-text fusion-text-3\"><p style=\"text-align: justify;\">You will delight in the rich aroma and the Proven\u00e7al flavor of our cuisine as it changes throughout the seasons.<\/p>\n<p style=\"text-align: justify;\">Christophe, our chef, brings out the Mediterranean flavors of his dishes with gusto and creativity using local products. Most of the fruit and vegetables, as well as herbs, are harvested from our garden here at the monastery. Upon prior request, we can provide a vegetarian menu or an alternative menu to suit your dietary requirements.<\/p>\n<\/div><div class=\"fusion-sep-clear\"><\/div><div class=\"fusion-separator fusion-full-width-sep\" style=\"margin-left: auto;margin-right: auto;margin-top:10px;margin-bottom:20px;width:100%;\"><\/div><div class=\"fusion-sep-clear\"><\/div><div class=\"fusion-text fusion-text-4\"><p style=\"text-align: justify;\">We recommend a pre-dinner stroll through the grounds to explore the vegetable garden, greenhouse, and orchard. Here you will find all the kinds of fruit and vegetables that we grow before you get to sample them in some culinary delight at the dinner table.<\/p>\n<\/div><div class=\"fusion-sep-clear\"><\/div><div class=\"fusion-separator fusion-full-width-sep\" style=\"margin-left: auto;margin-right: auto;margin-top:10px;margin-bottom:20px;width:100%;\"><\/div><div class=\"fusion-sep-clear\"><\/div><div class=\"fusion-text fusion-text-5\"><p style=\"text-align: justify;\">Overlooking an avenue of majestic trees, the spacious dining hall (80m2) lends itself perfectly to functions, get-togethers, and festivities. During warm weather, the shaded terraces provide an ideal option for outdoor dining.<\/p>\n<\/div><div class=\"fusion-sep-clear\"><\/div><div class=\"fusion-separator fusion-full-width-sep\" style=\"margin-left: auto;margin-right: auto;margin-top:10px;margin-bottom:20px;width:100%;\"><\/div><div class=\"fusion-sep-clear\"><\/div><div class=\"fusion-text fusion-text-6\"><p style=\"text-align: justify;\">For functions and special events such as parties and weddings, festive meals can be held in the cloister, garden or even the chapel.<\/p>\n<\/div><div class=\"fusion-clearfix\"><\/div><\/div><\/div><\/div><\/div><div class=\"fusion-fullwidth fullwidth-box fusion-builder-row-3 fusion-parallax-fixed prochain-sejour hundred-percent-fullwidth non-hundred-percent-height-scrolling\" style=\"--awb-border-radius-top-left:0px;--awb-border-radius-top-right:0px;--awb-border-radius-bottom-right:0px;--awb-border-radius-bottom-left:0px;--awb-padding-top:100px;--awb-padding-bottom:100px;--awb-margin-top:0px;--awb-margin-bottom:0px;--awb-background-image:url(&quot;https:\/\/monastere-de-segries.com\/wp-content\/uploads\/2019\/03\/cuisine-segries-1.jpg&quot;);--awb-background-size:cover;--awb-flex-wrap:wrap;background-attachment:fixed;\" id=\"prochain-sejour\" ><div class=\"fusion-builder-row fusion-row\"><div class=\"fusion-layout-column fusion_builder_column fusion-builder-column-3 fusion_builder_column_1_1 1_1 fusion-one-full fusion-column-first fusion-column-last\" style=\"--awb-bg-size:cover;\"><div class=\"fusion-column-wrapper fusion-flex-column-wrapper-legacy\"><div class=\"fusion-sep-clear\"><\/div><div class=\"fusion-separator fusion-full-width-sep\" style=\"margin-left: auto;margin-right: auto;margin-top:30px;width:100%;\"><\/div><div class=\"fusion-sep-clear\"><\/div><div class=\"fusion-sep-clear\"><\/div><div class=\"fusion-separator fusion-full-width-sep\" style=\"margin-left: auto;margin-right: auto;margin-top:30px;width:100%;\"><\/div><div class=\"fusion-sep-clear\"><\/div><div class=\"fusion-sep-clear\"><\/div><div class=\"fusion-separator fusion-full-width-sep\" style=\"margin-left: auto;margin-right: auto;margin-top:30px;width:100%;\"><\/div><div class=\"fusion-sep-clear\"><\/div><div class=\"fusion-sep-clear\"><\/div><div class=\"fusion-separator fusion-full-width-sep\" style=\"margin-left: auto;margin-right: auto;margin-top:30px;width:100%;\"><\/div><div class=\"fusion-sep-clear\"><\/div><div class=\"fusion-clearfix\"><\/div><\/div><\/div><\/div><\/div><\/p>\n","protected":false},"excerpt":{"rendered":"","protected":false},"author":1,"featured_media":0,"parent":0,"menu_order":0,"comment_status":"closed","ping_status":"closed","template":"100-width.php","meta":{"footnotes":""},"class_list":["post-5300","page","type-page","status-publish","hentry"],"yoast_head":"<!-- This site is optimized with the Yoast SEO plugin v26.5 - https:\/\/yoast.com\/wordpress\/plugins\/seo\/ -->\n<title>Dining &amp; catering - Monast\u00e8re de S\u00e9gri\u00e8s Maison d\u2019h\u00f4tes en Haute-Provence \u00e0 Moustiers-Ste-Marie<\/title>\n<meta name=\"robots\" content=\"index, follow, max-snippet:-1, max-image-preview:large, max-video-preview:-1\" \/>\n<link rel=\"canonical\" href=\"https:\/\/monastere-de-segries.com\/en\/diningcatering\/\" \/>\n<meta property=\"og:locale\" content=\"en_US\" \/>\n<meta property=\"og:type\" content=\"article\" \/>\n<meta property=\"og:title\" content=\"Dining &amp; catering - Monast\u00e8re de S\u00e9gri\u00e8s Maison d\u2019h\u00f4tes en Haute-Provence \u00e0 Moustiers-Ste-Marie\" \/>\n<meta property=\"og:url\" content=\"https:\/\/monastere-de-segries.com\/en\/diningcatering\/\" \/>\n<meta property=\"og:site_name\" content=\"Monast\u00e8re de S\u00e9gri\u00e8s Maison d\u2019h\u00f4tes en Haute-Provence \u00e0 Moustiers-Ste-Marie\" \/>\n<meta property=\"article:modified_time\" content=\"2020-02-06T11:07:49+00:00\" \/>\n<meta name=\"twitter:card\" content=\"summary_large_image\" \/>\n<meta name=\"twitter:label1\" content=\"Est. reading time\" \/>\n\t<meta name=\"twitter:data1\" content=\"7 minutes\" \/>\n<script type=\"application\/ld+json\" class=\"yoast-schema-graph\">{\"@context\":\"https:\/\/schema.org\",\"@graph\":[{\"@type\":\"WebPage\",\"@id\":\"https:\/\/monastere-de-segries.com\/en\/diningcatering\/\",\"url\":\"https:\/\/monastere-de-segries.com\/en\/diningcatering\/\",\"name\":\"Dining & catering - Monast\u00e8re de S\u00e9gri\u00e8s Maison d\u2019h\u00f4tes en Haute-Provence \u00e0 Moustiers-Ste-Marie\",\"isPartOf\":{\"@id\":\"https:\/\/monastere-de-segries.com\/#website\"},\"datePublished\":\"2020-01-28T13:12:28+00:00\",\"dateModified\":\"2020-02-06T11:07:49+00:00\",\"breadcrumb\":{\"@id\":\"https:\/\/monastere-de-segries.com\/en\/diningcatering\/#breadcrumb\"},\"inLanguage\":\"en-US\",\"potentialAction\":[{\"@type\":\"ReadAction\",\"target\":[\"https:\/\/monastere-de-segries.com\/en\/diningcatering\/\"]}]},{\"@type\":\"BreadcrumbList\",\"@id\":\"https:\/\/monastere-de-segries.com\/en\/diningcatering\/#breadcrumb\",\"itemListElement\":[{\"@type\":\"ListItem\",\"position\":1,\"name\":\"Accueil\",\"item\":\"https:\/\/monastere-de-segries.com\/\"},{\"@type\":\"ListItem\",\"position\":2,\"name\":\"Dining &#038; catering\"}]},{\"@type\":\"WebSite\",\"@id\":\"https:\/\/monastere-de-segries.com\/#website\",\"url\":\"https:\/\/monastere-de-segries.com\/\",\"name\":\"Monast\u00e8re de S\u00e9gri\u00e8s Maison d\u2019h\u00f4tes en Haute-Provence \u00e0 Moustiers-Ste-Marie\",\"description\":\"Monast\u00e8re de S\u00e9gri\u00e8s Maison d\u2019h\u00f4tes en Haute-Provence \u00e0 Moustiers-Ste-Marie\",\"potentialAction\":[{\"@type\":\"SearchAction\",\"target\":{\"@type\":\"EntryPoint\",\"urlTemplate\":\"https:\/\/monastere-de-segries.com\/?s={search_term_string}\"},\"query-input\":{\"@type\":\"PropertyValueSpecification\",\"valueRequired\":true,\"valueName\":\"search_term_string\"}}],\"inLanguage\":\"en-US\"}]}<\/script>\n<!-- \/ Yoast SEO plugin. -->","yoast_head_json":{"title":"Dining & catering - Monast\u00e8re de S\u00e9gri\u00e8s Maison d\u2019h\u00f4tes en Haute-Provence \u00e0 Moustiers-Ste-Marie","robots":{"index":"index","follow":"follow","max-snippet":"max-snippet:-1","max-image-preview":"max-image-preview:large","max-video-preview":"max-video-preview:-1"},"canonical":"https:\/\/monastere-de-segries.com\/en\/diningcatering\/","og_locale":"en_US","og_type":"article","og_title":"Dining & catering - Monast\u00e8re de S\u00e9gri\u00e8s Maison d\u2019h\u00f4tes en Haute-Provence \u00e0 Moustiers-Ste-Marie","og_url":"https:\/\/monastere-de-segries.com\/en\/diningcatering\/","og_site_name":"Monast\u00e8re de S\u00e9gri\u00e8s Maison d\u2019h\u00f4tes en Haute-Provence \u00e0 Moustiers-Ste-Marie","article_modified_time":"2020-02-06T11:07:49+00:00","twitter_card":"summary_large_image","twitter_misc":{"Est. reading time":"7 minutes"},"schema":{"@context":"https:\/\/schema.org","@graph":[{"@type":"WebPage","@id":"https:\/\/monastere-de-segries.com\/en\/diningcatering\/","url":"https:\/\/monastere-de-segries.com\/en\/diningcatering\/","name":"Dining & catering - Monast\u00e8re de S\u00e9gri\u00e8s Maison d\u2019h\u00f4tes en Haute-Provence \u00e0 Moustiers-Ste-Marie","isPartOf":{"@id":"https:\/\/monastere-de-segries.com\/#website"},"datePublished":"2020-01-28T13:12:28+00:00","dateModified":"2020-02-06T11:07:49+00:00","breadcrumb":{"@id":"https:\/\/monastere-de-segries.com\/en\/diningcatering\/#breadcrumb"},"inLanguage":"en-US","potentialAction":[{"@type":"ReadAction","target":["https:\/\/monastere-de-segries.com\/en\/diningcatering\/"]}]},{"@type":"BreadcrumbList","@id":"https:\/\/monastere-de-segries.com\/en\/diningcatering\/#breadcrumb","itemListElement":[{"@type":"ListItem","position":1,"name":"Accueil","item":"https:\/\/monastere-de-segries.com\/"},{"@type":"ListItem","position":2,"name":"Dining &#038; catering"}]},{"@type":"WebSite","@id":"https:\/\/monastere-de-segries.com\/#website","url":"https:\/\/monastere-de-segries.com\/","name":"Monast\u00e8re de S\u00e9gri\u00e8s Maison d\u2019h\u00f4tes en Haute-Provence \u00e0 Moustiers-Ste-Marie","description":"Monast\u00e8re de S\u00e9gri\u00e8s Maison d\u2019h\u00f4tes en Haute-Provence \u00e0 Moustiers-Ste-Marie","potentialAction":[{"@type":"SearchAction","target":{"@type":"EntryPoint","urlTemplate":"https:\/\/monastere-de-segries.com\/?s={search_term_string}"},"query-input":{"@type":"PropertyValueSpecification","valueRequired":true,"valueName":"search_term_string"}}],"inLanguage":"en-US"}]}},"_links":{"self":[{"href":"https:\/\/monastere-de-segries.com\/en\/wp-json\/wp\/v2\/pages\/5300","targetHints":{"allow":["GET"]}}],"collection":[{"href":"https:\/\/monastere-de-segries.com\/en\/wp-json\/wp\/v2\/pages"}],"about":[{"href":"https:\/\/monastere-de-segries.com\/en\/wp-json\/wp\/v2\/types\/page"}],"author":[{"embeddable":true,"href":"https:\/\/monastere-de-segries.com\/en\/wp-json\/wp\/v2\/users\/1"}],"replies":[{"embeddable":true,"href":"https:\/\/monastere-de-segries.com\/en\/wp-json\/wp\/v2\/comments?post=5300"}],"version-history":[{"count":7,"href":"https:\/\/monastere-de-segries.com\/en\/wp-json\/wp\/v2\/pages\/5300\/revisions"}],"predecessor-version":[{"id":5504,"href":"https:\/\/monastere-de-segries.com\/en\/wp-json\/wp\/v2\/pages\/5300\/revisions\/5504"}],"wp:attachment":[{"href":"https:\/\/monastere-de-segries.com\/en\/wp-json\/wp\/v2\/media?parent=5300"}],"curies":[{"name":"wp","href":"https:\/\/api.w.org\/{rel}","templated":true}]}}