{"id":5317,"date":"2020-01-28T14:35:41","date_gmt":"2020-01-28T13:35:41","guid":{"rendered":"https:\/\/www.monastere-de-segries.com\/?page_id=5317"},"modified":"2024-05-06T12:30:20","modified_gmt":"2024-05-06T10:30:20","slug":"weddings","status":"publish","type":"page","link":"https:\/\/monastere-de-segries.com\/en\/weddings\/","title":{"rendered":"Weddings"},"content":{"rendered":"<p><div class=\"fusion-fullwidth fullwidth-box fusion-builder-row-1 nonhundred-percent-fullwidth non-hundred-percent-height-scrolling\" style=\"--awb-border-radius-top-left:0px;--awb-border-radius-top-right:0px;--awb-border-radius-bottom-right:0px;--awb-border-radius-bottom-left:0px;--awb-flex-wrap:wrap;\" ><div class=\"fusion-builder-row fusion-row\"><div class=\"fusion-layout-column fusion_builder_column fusion-builder-column-0 fusion_builder_column_1_1 1_1 fusion-one-full fusion-column-first fusion-column-last\" style=\"--awb-padding-right:40px;--awb-padding-left:40px;--awb-bg-color:#ffffff;--awb-bg-color-hover:#ffffff;--awb-bg-size:cover;--awb-margin-top:50px;--awb-margin-bottom:30px;\"><div class=\"fusion-column-wrapper fusion-flex-column-wrapper-legacy\"><div class=\"fusion-column-content-centered\"><div class=\"fusion-column-content\"><div class=\"fusion-sep-clear\"><\/div><div class=\"fusion-separator fusion-full-width-sep\" style=\"margin-left: auto;margin-right: auto;margin-top:30px;width:100%;\"><\/div><div class=\"fusion-sep-clear\"><\/div><div class=\"fusion-sep-clear\"><\/div><div class=\"fusion-separator fusion-full-width-sep\" style=\"margin-left: auto;margin-right: auto;margin-top:30px;width:100%;\"><\/div><div class=\"fusion-sep-clear\"><\/div><div class=\"fusion-text fusion-text-1\"><h1 style=\"text-align: center;\">Weddings<\/h1>\n<\/div><div class=\"fusion-sep-clear\"><\/div><div class=\"fusion-separator fusion-full-width-sep\" style=\"margin-left: auto;margin-right: auto;margin-top:10px;margin-bottom:20px;width:100%;\"><\/div><div class=\"fusion-sep-clear\"><\/div><div class=\"fusion-image-element fusion-image-align-center in-legacy-container\" style=\"text-align:center;--awb-caption-title-font-family:var(--h2_typography-font-family);--awb-caption-title-font-weight:var(--h2_typography-font-weight);--awb-caption-title-font-style:var(--h2_typography-font-style);--awb-caption-title-size:var(--h2_typography-font-size);--awb-caption-title-transform:var(--h2_typography-text-transform);--awb-caption-title-line-height:var(--h2_typography-line-height);--awb-caption-title-letter-spacing:var(--h2_typography-letter-spacing);\"><div class=\"imageframe-align-center\"><span class=\" fusion-imageframe imageframe-none imageframe-1 hover-type-none\"><img decoding=\"async\" width=\"150\" height=\"18\" title=\"separateur\" src=\"https:\/\/monastere-de-segries.com\/wp-content\/uploads\/2019\/02\/separateur-1.png\" alt class=\"img-responsive wp-image-4527\"\/><\/span><\/div><\/div><\/div><\/div><div class=\"fusion-clearfix\"><\/div><\/div><\/div><\/div><\/div><div class=\"fusion-fullwidth fullwidth-box fusion-builder-row-2 nonhundred-percent-fullwidth non-hundred-percent-height-scrolling\" style=\"--awb-border-radius-top-left:0px;--awb-border-radius-top-right:0px;--awb-border-radius-bottom-right:0px;--awb-border-radius-bottom-left:0px;--awb-flex-wrap:wrap;\" ><div class=\"fusion-builder-row fusion-row\"><div class=\"fusion-layout-column fusion_builder_column fusion-builder-column-1 fusion_builder_column_1_2 1_2 fusion-one-half fusion-column-first\" style=\"--awb-bg-size:cover;width:50%;width:calc(50% - ( ( 4% ) * 0.5 ) );margin-right: 4%;\"><div class=\"fusion-column-wrapper fusion-flex-column-wrapper-legacy\"><div class=\"fusion-sep-clear\"><\/div><div class=\"fusion-separator fusion-full-width-sep\" style=\"margin-left: auto;margin-right: auto;margin-top:10px;margin-bottom:20px;width:100%;\"><\/div><div class=\"fusion-sep-clear\"><\/div><div class=\"awb-gallery-wrapper awb-gallery-wrapper-1 button-span-no\"><div style=\"margin:-2px;--awb-bordersize:0px;\" class=\"fusion-gallery fusion-gallery-container fusion-grid-2 fusion-columns-total-6 fusion-gallery-layout-masonry fusion-gallery-1\"><div class=\"fusion-grid-column fusion-gallery-column fusion-gallery-column-2 fusion-grid-sizer\"><\/div><div style=\"padding:2.5px;\" class=\"fusion-grid-column fusion-gallery-column fusion-gallery-column-2 fusion-element-portrait\"><div class=\"fusion-gallery-image fusion-gallery-image-liftup\"><a href=\"https:\/\/monastere-de-segries.com\/wp-content\/uploads\/2019\/03\/mariages-marie\u0301s-segries.jpg\" rel=\"noreferrer\" data-rel=\"iLightbox[gallery_image_1]\" class=\"fusion-lightbox\" target=\"_self\"><div style=\"background-image:url(https:\/\/monastere-de-segries.com\/wp-content\/uploads\/2019\/03\/mariages-marie\u0301s-segries.jpg);padding-top:calc((100% + 4px) * 1.6);background-position:;\" class=\"fusion-masonry-element-container\"><img decoding=\"async\" src=\"https:\/\/monastere-de-segries.com\/wp-content\/uploads\/2019\/03\/mariages-marie\u0301s-segries.jpg\" width=\"900\" height=\"1345\" alt=\"\" title=\"mariages-marie\u0301s-segries\" aria-label=\"mariages-marie\u0301s-segries\" class=\"img-responsive wp-image-4747\"  \/><\/div><\/a><\/div><\/div><div style=\"padding:2.5px;\" class=\"fusion-grid-column fusion-gallery-column fusion-gallery-column-2 fusion-element-portrait\"><div class=\"fusion-gallery-image fusion-gallery-image-liftup\"><a href=\"https:\/\/monastere-de-segries.com\/wp-content\/uploads\/2019\/03\/Mariages.jpg\" rel=\"noreferrer\" data-rel=\"iLightbox[gallery_image_1]\" class=\"fusion-lightbox\" target=\"_self\"><div style=\"background-image:url(https:\/\/monastere-de-segries.com\/wp-content\/uploads\/2019\/03\/Mariages.jpg);padding-top:calc((100% + 4px) * 1.6);background-position:;\" class=\"fusion-masonry-element-container\"><img decoding=\"async\" src=\"https:\/\/monastere-de-segries.com\/wp-content\/uploads\/2019\/03\/Mariages.jpg\" width=\"675\" height=\"900\" alt=\"\" title=\"Mariages\" aria-label=\"Mariages\" class=\"img-responsive wp-image-4756\"  \/><\/div><\/a><\/div><\/div><div style=\"padding:2.5px;\" class=\"fusion-grid-column fusion-gallery-column fusion-gallery-column-2 fusion-element-grid\"><div class=\"fusion-gallery-image fusion-gallery-image-liftup\"><a href=\"https:\/\/monastere-de-segries.com\/wp-content\/uploads\/2019\/03\/mariage-table\u0301e-segries.jpg\" rel=\"noreferrer\" data-rel=\"iLightbox[gallery_image_1]\" class=\"fusion-lightbox\" target=\"_self\"><div style=\"background-image:url(https:\/\/monastere-de-segries.com\/wp-content\/uploads\/2019\/03\/mariage-table\u0301e-segries.jpg);padding-top:calc((100% + 4px) * 0.8 - 2.5px);background-position:;\" class=\"fusion-masonry-element-container\"><img decoding=\"async\" src=\"https:\/\/monastere-de-segries.com\/wp-content\/uploads\/2019\/03\/mariage-table\u0301e-segries.jpg\" width=\"900\" height=\"574\" alt=\"\" title=\"mariage-table\u0301e-segries\" aria-label=\"mariage-table\u0301e-segries\" class=\"img-responsive wp-image-4744\"  \/><\/div><\/a><\/div><\/div><div style=\"padding:2.5px;\" class=\"fusion-grid-column fusion-gallery-column fusion-gallery-column-2 fusion-element-grid\"><div class=\"fusion-gallery-image fusion-gallery-image-liftup\"><a href=\"https:\/\/monastere-de-segries.com\/wp-content\/uploads\/2019\/03\/table\u0301e-chapelle.jpg\" rel=\"noreferrer\" data-rel=\"iLightbox[gallery_image_1]\" class=\"fusion-lightbox\" target=\"_self\"><div style=\"background-image:url(https:\/\/monastere-de-segries.com\/wp-content\/uploads\/2019\/03\/table\u0301e-chapelle.jpg);padding-top:calc((100% + 4px) * 0.8 - 2.5px);background-position:;\" class=\"fusion-masonry-element-container\"><img decoding=\"async\" src=\"https:\/\/monastere-de-segries.com\/wp-content\/uploads\/2019\/03\/table\u0301e-chapelle.jpg\" width=\"900\" height=\"675\" alt=\"\" title=\"table\u0301e-chapelle\" aria-label=\"table\u0301e-chapelle\" class=\"img-responsive wp-image-4766\"  \/><\/div><\/a><\/div><\/div><div style=\"padding:2.5px;\" class=\"fusion-grid-column fusion-gallery-column fusion-gallery-column-2 fusion-element-portrait\"><div class=\"fusion-gallery-image fusion-gallery-image-liftup\"><a href=\"https:\/\/monastere-de-segries.com\/wp-content\/uploads\/2019\/03\/marriage_segriesjpg-1.jpg\" rel=\"noreferrer\" data-rel=\"iLightbox[gallery_image_1]\" class=\"fusion-lightbox\" target=\"_self\"><div style=\"background-image:url(https:\/\/monastere-de-segries.com\/wp-content\/uploads\/2019\/03\/marriage_segriesjpg-1.jpg);padding-top:calc((100% + 4px) * 1.6);background-position:;\" class=\"fusion-masonry-element-container\"><img decoding=\"async\" src=\"https:\/\/monastere-de-segries.com\/wp-content\/uploads\/2019\/03\/marriage_segriesjpg-1.jpg\" width=\"900\" height=\"1200\" alt=\"\" title=\"marriage_segriesjpg\" aria-label=\"marriage_segriesjpg\" class=\"img-responsive wp-image-4769\"  \/><\/div><\/a><\/div><\/div><div style=\"padding:2.5px;\" class=\"fusion-grid-column fusion-gallery-column fusion-gallery-column-2 fusion-element-portrait\"><div class=\"fusion-gallery-image fusion-gallery-image-liftup\"><a href=\"https:\/\/monastere-de-segries.com\/wp-content\/uploads\/2019\/03\/Mariage-reception.jpg\" rel=\"noreferrer\" data-rel=\"iLightbox[gallery_image_1]\" class=\"fusion-lightbox\" target=\"_self\"><div style=\"background-image:url(https:\/\/monastere-de-segries.com\/wp-content\/uploads\/2019\/03\/Mariage-reception.jpg);padding-top:calc((100% + 4px) * 1.6);background-position:;\" class=\"fusion-masonry-element-container\"><img decoding=\"async\" src=\"https:\/\/monastere-de-segries.com\/wp-content\/uploads\/2019\/03\/Mariage-reception.jpg\" width=\"900\" height=\"1162\" alt=\"\" title=\"Mariage-reception\" aria-label=\"Mariage-reception\" class=\"img-responsive wp-image-4741\"  \/><\/div><\/a><\/div><\/div><\/div><\/div><div class=\"fusion-clearfix\"><\/div><\/div><\/div><div class=\"fusion-layout-column fusion_builder_column fusion-builder-column-2 fusion_builder_column_1_2 1_2 fusion-one-half fusion-column-last\" style=\"--awb-bg-size:cover;width:50%;width:calc(50% - ( ( 4% ) * 0.5 ) );\"><div class=\"fusion-column-wrapper fusion-flex-column-wrapper-legacy\"><div class=\"fusion-sep-clear\"><\/div><div class=\"fusion-separator fusion-full-width-sep\" style=\"margin-left: auto;margin-right: auto;margin-top:20px;margin-bottom:20px;width:100%;\"><\/div><div class=\"fusion-sep-clear\"><\/div><div class=\"fusion-text fusion-text-2\"><p style=\"text-align: justify;\">Getting married at Le Monast\u00e8re de S\u00e9gri\u00e8s,in true Proven\u00e7al simplicity, is a luxurious experience.<\/p>\n<\/div><div class=\"fusion-sep-clear\"><\/div><div class=\"fusion-separator fusion-full-width-sep\" style=\"margin-left: auto;margin-right: auto;margin-top:20px;margin-bottom:20px;width:100%;\"><\/div><div class=\"fusion-sep-clear\"><\/div><div class=\"fusion-text fusion-text-3\"><p style=\"text-align: justify;\">Wherever you look, the view is utterly enchanting. Nestled in this magical haven of greenery at S\u00e9gri\u00e8s, you will feel free to enjoy the intimacy of this festive occasion with your friends and loved ones.<\/p>\n<\/div><div class=\"fusion-sep-clear\"><\/div><div class=\"fusion-separator fusion-full-width-sep\" style=\"margin-left: auto;margin-right: auto;margin-top:50px;margin-bottom:50px;width:100%;\"><\/div><div class=\"fusion-sep-clear\"><\/div><div class=\"fusion-text fusion-text-4\"><p style=\"text-align: justify;\">Exuding hospitality and charm, the monastery and its grounds will leave your guests spellbound at every turn, whatever the season. You are free to arrange and decorate reception areas as you wish to suit the order of festivities. There is enough room to seat up to 150 people and still have room for dancing.<\/p>\n<\/div><div class=\"fusion-sep-clear\"><\/div><div class=\"fusion-separator fusion-full-width-sep\" style=\"margin-left: auto;margin-right: auto;margin-top:50px;margin-bottom:50px;width:100%;\"><\/div><div class=\"fusion-sep-clear\"><\/div><div class=\"fusion-image-element fusion-image-align-center in-legacy-container\" style=\"text-align:center;--awb-caption-title-font-family:var(--h2_typography-font-family);--awb-caption-title-font-weight:var(--h2_typography-font-weight);--awb-caption-title-font-style:var(--h2_typography-font-style);--awb-caption-title-size:var(--h2_typography-font-size);--awb-caption-title-transform:var(--h2_typography-text-transform);--awb-caption-title-line-height:var(--h2_typography-line-height);--awb-caption-title-letter-spacing:var(--h2_typography-letter-spacing);\"><div class=\"imageframe-align-center\"><span class=\" fusion-imageframe imageframe-none imageframe-2 hover-type-none\"><img decoding=\"async\" width=\"150\" height=\"18\" title=\"separateur\" src=\"https:\/\/monastere-de-segries.com\/wp-content\/uploads\/2019\/02\/separateur-1.png\" alt class=\"img-responsive wp-image-4527\"\/><\/span><\/div><\/div><div class=\"fusion-sep-clear\"><\/div><div class=\"fusion-separator fusion-full-width-sep\" style=\"margin-left: auto;margin-right: auto;margin-top:50px;margin-bottom:50px;width:100%;\"><\/div><div class=\"fusion-sep-clear\"><\/div><div class=\"fusion-text fusion-text-5\"><p style=\"text-align: justify;\">The cloister makes a delightful choice for the wedding toast. Or, perhaps, you might prefer the amphitheater with its spectacular view over Haute Provence. The wedding breakfast may be served outside under the majestic oak tree which stands proudly on the forecourt, or even in the recently restored 19th-century chapel.<\/p>\n<\/div><div class=\"fusion-sep-clear\"><\/div><div class=\"fusion-separator fusion-full-width-sep\" style=\"margin-left: auto;margin-right: auto;margin-top:50px;margin-bottom:50px;width:100%;\"><\/div><div class=\"fusion-sep-clear\"><\/div><div class=\"fusion-text fusion-text-6\"><p style=\"text-align: justify;\">Set in acres of greenery, not only is the monastery a spectacular venue but it also radiates hospitality and a spirit of festivity. Rest assured your hosts will do their utmost to make your dreams come true. Your wedding day will be full of magic and unique to you.<\/p>\n<\/div><div class=\"fusion-clearfix\"><\/div><\/div><\/div><div class=\"fusion-layout-column fusion_builder_column fusion-builder-column-3 fusion_builder_column_1_1 1_1 fusion-one-full fusion-column-first fusion-column-last\" style=\"--awb-bg-size:cover;\"><div class=\"fusion-column-wrapper fusion-flex-column-wrapper-legacy\"><div class=\"fusion-sep-clear\"><\/div><div class=\"fusion-separator fusion-full-width-sep\" style=\"margin-left: auto;margin-right: auto;margin-top:10px;margin-bottom:40px;width:100%;\"><\/div><div class=\"fusion-sep-clear\"><\/div><div class=\"fusion-image-element fusion-image-align-center in-legacy-container\" style=\"text-align:center;--awb-caption-title-font-family:var(--h2_typography-font-family);--awb-caption-title-font-weight:var(--h2_typography-font-weight);--awb-caption-title-font-style:var(--h2_typography-font-style);--awb-caption-title-size:var(--h2_typography-font-size);--awb-caption-title-transform:var(--h2_typography-text-transform);--awb-caption-title-line-height:var(--h2_typography-line-height);--awb-caption-title-letter-spacing:var(--h2_typography-letter-spacing);\"><div class=\"imageframe-align-center\"><span class=\" fusion-imageframe imageframe-none imageframe-3 hover-type-none\"><img decoding=\"async\" width=\"150\" height=\"18\" title=\"separateur\" src=\"https:\/\/monastere-de-segries.com\/wp-content\/uploads\/2019\/02\/separateur-1.png\" alt class=\"img-responsive wp-image-4527\"\/><\/span><\/div><\/div><div class=\"fusion-sep-clear\"><\/div><div class=\"fusion-separator fusion-full-width-sep\" style=\"margin-left: auto;margin-right: auto;margin-top:10px;margin-bottom:40px;width:100%;\"><\/div><div class=\"fusion-sep-clear\"><\/div><div class=\"fusion-text fusion-text-7\"><p>You can reserve the whole monastery for the weekend with accommodation for up to 75 guests which is particularly handy for friends and family who live far away. We have 26 en-suite rooms: 11 for 1 or 2 people, and 15 larger rooms and suites that are suitable for 2 to 5 people.<\/p>\n<\/div><div class=\"fusion-sep-clear\"><\/div><div class=\"fusion-separator fusion-full-width-sep\" style=\"margin-left: auto;margin-right: auto;margin-top:10px;margin-bottom:20px;width:100%;\"><\/div><div class=\"fusion-sep-clear\"><\/div><div class=\"fusion-text fusion-text-8\"><h3 style=\"text-align: center;\"><span style=\"color: #757575;\">Please contact us for a quote and for any help you may need in preparing your special occasion.<\/span><\/h3>\n<\/div><div class=\"fusion-sep-clear\"><\/div><div class=\"fusion-separator fusion-full-width-sep\" style=\"margin-left: auto;margin-right: auto;margin-top:10px;margin-bottom:20px;width:100%;\"><\/div><div class=\"fusion-sep-clear\"><\/div><div class=\"fusion-image-element in-legacy-container\" style=\"--awb-liftup-border-radius:0px;--awb-caption-title-font-family:var(--h2_typography-font-family);--awb-caption-title-font-weight:var(--h2_typography-font-weight);--awb-caption-title-font-style:var(--h2_typography-font-style);--awb-caption-title-size:var(--h2_typography-font-size);--awb-caption-title-transform:var(--h2_typography-text-transform);--awb-caption-title-line-height:var(--h2_typography-line-height);--awb-caption-title-letter-spacing:var(--h2_typography-letter-spacing);\"><div class=\"awb-image-frame awb-image-frame-4 imageframe-liftup\"><span class=\" fusion-imageframe imageframe-none imageframe-4\"><img decoding=\"async\" width=\"1200\" height=\"528\" title=\"Mariages-nuit\" src=\"https:\/\/monastere-de-segries.com\/wp-content\/uploads\/2019\/03\/Mariages-nuit.jpg\" alt class=\"img-responsive wp-image-4735\"\/><\/span><\/div><\/div><div class=\"fusion-sep-clear\"><\/div><div class=\"fusion-separator fusion-full-width-sep\" style=\"margin-left: auto;margin-right: auto;margin-top:10px;margin-bottom:20px;width:100%;\"><\/div><div class=\"fusion-sep-clear\"><\/div><div class=\"fusion-clearfix\"><\/div><\/div><\/div><\/div><\/div><\/p>\n","protected":false},"excerpt":{"rendered":"","protected":false},"author":1,"featured_media":0,"parent":0,"menu_order":0,"comment_status":"closed","ping_status":"closed","template":"100-width.php","meta":{"footnotes":""},"class_list":["post-5317","page","type-page","status-publish","hentry"],"yoast_head":"<!-- This site is optimized with the Yoast SEO plugin v26.5 - https:\/\/yoast.com\/wordpress\/plugins\/seo\/ -->\n<title>Weddings - Monast\u00e8re de S\u00e9gri\u00e8s Maison d\u2019h\u00f4tes en Haute-Provence \u00e0 Moustiers-Ste-Marie<\/title>\n<meta name=\"robots\" content=\"index, follow, max-snippet:-1, max-image-preview:large, max-video-preview:-1\" \/>\n<link rel=\"canonical\" href=\"https:\/\/monastere-de-segries.com\/en\/weddings\/\" \/>\n<meta property=\"og:locale\" content=\"en_US\" \/>\n<meta property=\"og:type\" content=\"article\" \/>\n<meta property=\"og:title\" content=\"Weddings - Monast\u00e8re de S\u00e9gri\u00e8s Maison d\u2019h\u00f4tes en Haute-Provence \u00e0 Moustiers-Ste-Marie\" \/>\n<meta property=\"og:url\" content=\"https:\/\/monastere-de-segries.com\/en\/weddings\/\" \/>\n<meta property=\"og:site_name\" content=\"Monast\u00e8re de S\u00e9gri\u00e8s Maison d\u2019h\u00f4tes en Haute-Provence \u00e0 Moustiers-Ste-Marie\" \/>\n<meta property=\"article:modified_time\" content=\"2024-05-06T10:30:20+00:00\" \/>\n<meta name=\"twitter:card\" content=\"summary_large_image\" \/>\n<meta name=\"twitter:label1\" content=\"Est. reading time\" \/>\n\t<meta name=\"twitter:data1\" content=\"5 minutes\" \/>\n<script type=\"application\/ld+json\" class=\"yoast-schema-graph\">{\"@context\":\"https:\/\/schema.org\",\"@graph\":[{\"@type\":\"WebPage\",\"@id\":\"https:\/\/monastere-de-segries.com\/en\/weddings\/\",\"url\":\"https:\/\/monastere-de-segries.com\/en\/weddings\/\",\"name\":\"Weddings - Monast\u00e8re de S\u00e9gri\u00e8s Maison d\u2019h\u00f4tes en Haute-Provence \u00e0 Moustiers-Ste-Marie\",\"isPartOf\":{\"@id\":\"https:\/\/monastere-de-segries.com\/#website\"},\"datePublished\":\"2020-01-28T13:35:41+00:00\",\"dateModified\":\"2024-05-06T10:30:20+00:00\",\"breadcrumb\":{\"@id\":\"https:\/\/monastere-de-segries.com\/en\/weddings\/#breadcrumb\"},\"inLanguage\":\"en-US\",\"potentialAction\":[{\"@type\":\"ReadAction\",\"target\":[\"https:\/\/monastere-de-segries.com\/en\/weddings\/\"]}]},{\"@type\":\"BreadcrumbList\",\"@id\":\"https:\/\/monastere-de-segries.com\/en\/weddings\/#breadcrumb\",\"itemListElement\":[{\"@type\":\"ListItem\",\"position\":1,\"name\":\"Accueil\",\"item\":\"https:\/\/monastere-de-segries.com\/\"},{\"@type\":\"ListItem\",\"position\":2,\"name\":\"Weddings\"}]},{\"@type\":\"WebSite\",\"@id\":\"https:\/\/monastere-de-segries.com\/#website\",\"url\":\"https:\/\/monastere-de-segries.com\/\",\"name\":\"Monast\u00e8re de S\u00e9gri\u00e8s Maison d\u2019h\u00f4tes en Haute-Provence \u00e0 Moustiers-Ste-Marie\",\"description\":\"Monast\u00e8re de S\u00e9gri\u00e8s Maison d\u2019h\u00f4tes en Haute-Provence \u00e0 Moustiers-Ste-Marie\",\"potentialAction\":[{\"@type\":\"SearchAction\",\"target\":{\"@type\":\"EntryPoint\",\"urlTemplate\":\"https:\/\/monastere-de-segries.com\/?s={search_term_string}\"},\"query-input\":{\"@type\":\"PropertyValueSpecification\",\"valueRequired\":true,\"valueName\":\"search_term_string\"}}],\"inLanguage\":\"en-US\"}]}<\/script>\n<!-- \/ Yoast SEO plugin. -->","yoast_head_json":{"title":"Weddings - Monast\u00e8re de S\u00e9gri\u00e8s Maison d\u2019h\u00f4tes en Haute-Provence \u00e0 Moustiers-Ste-Marie","robots":{"index":"index","follow":"follow","max-snippet":"max-snippet:-1","max-image-preview":"max-image-preview:large","max-video-preview":"max-video-preview:-1"},"canonical":"https:\/\/monastere-de-segries.com\/en\/weddings\/","og_locale":"en_US","og_type":"article","og_title":"Weddings - Monast\u00e8re de S\u00e9gri\u00e8s Maison d\u2019h\u00f4tes en Haute-Provence \u00e0 Moustiers-Ste-Marie","og_url":"https:\/\/monastere-de-segries.com\/en\/weddings\/","og_site_name":"Monast\u00e8re de S\u00e9gri\u00e8s Maison d\u2019h\u00f4tes en Haute-Provence \u00e0 Moustiers-Ste-Marie","article_modified_time":"2024-05-06T10:30:20+00:00","twitter_card":"summary_large_image","twitter_misc":{"Est. reading time":"5 minutes"},"schema":{"@context":"https:\/\/schema.org","@graph":[{"@type":"WebPage","@id":"https:\/\/monastere-de-segries.com\/en\/weddings\/","url":"https:\/\/monastere-de-segries.com\/en\/weddings\/","name":"Weddings - Monast\u00e8re de S\u00e9gri\u00e8s Maison d\u2019h\u00f4tes en Haute-Provence \u00e0 Moustiers-Ste-Marie","isPartOf":{"@id":"https:\/\/monastere-de-segries.com\/#website"},"datePublished":"2020-01-28T13:35:41+00:00","dateModified":"2024-05-06T10:30:20+00:00","breadcrumb":{"@id":"https:\/\/monastere-de-segries.com\/en\/weddings\/#breadcrumb"},"inLanguage":"en-US","potentialAction":[{"@type":"ReadAction","target":["https:\/\/monastere-de-segries.com\/en\/weddings\/"]}]},{"@type":"BreadcrumbList","@id":"https:\/\/monastere-de-segries.com\/en\/weddings\/#breadcrumb","itemListElement":[{"@type":"ListItem","position":1,"name":"Accueil","item":"https:\/\/monastere-de-segries.com\/"},{"@type":"ListItem","position":2,"name":"Weddings"}]},{"@type":"WebSite","@id":"https:\/\/monastere-de-segries.com\/#website","url":"https:\/\/monastere-de-segries.com\/","name":"Monast\u00e8re de S\u00e9gri\u00e8s Maison d\u2019h\u00f4tes en Haute-Provence \u00e0 Moustiers-Ste-Marie","description":"Monast\u00e8re de S\u00e9gri\u00e8s Maison d\u2019h\u00f4tes en Haute-Provence \u00e0 Moustiers-Ste-Marie","potentialAction":[{"@type":"SearchAction","target":{"@type":"EntryPoint","urlTemplate":"https:\/\/monastere-de-segries.com\/?s={search_term_string}"},"query-input":{"@type":"PropertyValueSpecification","valueRequired":true,"valueName":"search_term_string"}}],"inLanguage":"en-US"}]}},"_links":{"self":[{"href":"https:\/\/monastere-de-segries.com\/en\/wp-json\/wp\/v2\/pages\/5317","targetHints":{"allow":["GET"]}}],"collection":[{"href":"https:\/\/monastere-de-segries.com\/en\/wp-json\/wp\/v2\/pages"}],"about":[{"href":"https:\/\/monastere-de-segries.com\/en\/wp-json\/wp\/v2\/types\/page"}],"author":[{"embeddable":true,"href":"https:\/\/monastere-de-segries.com\/en\/wp-json\/wp\/v2\/users\/1"}],"replies":[{"embeddable":true,"href":"https:\/\/monastere-de-segries.com\/en\/wp-json\/wp\/v2\/comments?post=5317"}],"version-history":[{"count":8,"href":"https:\/\/monastere-de-segries.com\/en\/wp-json\/wp\/v2\/pages\/5317\/revisions"}],"predecessor-version":[{"id":5726,"href":"https:\/\/monastere-de-segries.com\/en\/wp-json\/wp\/v2\/pages\/5317\/revisions\/5726"}],"wp:attachment":[{"href":"https:\/\/monastere-de-segries.com\/en\/wp-json\/wp\/v2\/media?parent=5317"}],"curies":[{"name":"wp","href":"https:\/\/api.w.org\/{rel}","templated":true}]}}